{"id":43,"date":"2018-10-05T17:48:28","date_gmt":"2018-10-05T15:48:28","guid":{"rendered":"https:\/\/m19thtest-wordpress.web-srv02.dsi.universite-paris-saclay.fr\/?page_id=43"},"modified":"2019-04-24T13:39:13","modified_gmt":"2019-04-24T11:39:13","slug":"participant-list","status":"publish","type":"page","link":"https:\/\/m19thtest-wordpress.web-srv02.dsi.universite-paris-saclay.fr\/index.php\/participant-list\/","title":{"rendered":"Participants"},"content":{"rendered":"<h5>Aurelio Alvarez-Ibarra, CNRS, Universit\u00e9 Paris Sud, France<\/h5>\n<h5>Fabien Cailliez, Universit\u00e9 Paris Sud, France<\/h5>\n<h5>Patrizia Calaminici, CINVESTAV, Mexico<\/h5>\n<h5>Mark Casida, Universit\u00e9 Joseph Fourier, France<\/h5>\n<h5>Henry Chermette, Universit\u00e9 de Lyon, France<\/h5>\n<h5>Sathishkumar Chinnasamy, Shanghai Jiao Tong University, China<\/h5>\n<h5>J\u00e9r\u00f4me Cuny, Universit\u00e9 Paul Sabatier, France<\/h5>\n<h5>L\u00e9o Donto, Universit\u00e9 Paul Sabatier, France<\/h5>\n<h5>Elise Dumont, Ecole Normale Sup\u00e9rieure de Lyon, France<\/h5>\n<h5>Natacha Gillet, Universit\u00e9 de Strasbourg, France<\/h5>\n<h5>Emmanuel Fromager, Universit\u00e9 de Strasbourg, France<\/h5>\n<h5>Luigi Genovese, L_Sim, CEA Grenoble, France<\/h5>\n<h5>Nohad Gresh, CNRS, Universit\u00e9 Paris Sorbonne, France<\/h5>\n<h5>Karim Hasnaoui, Institut du d\u00e9veloppement et des ressources en informatique scientifique, France<\/h5>\n<h5 class=\"moz-quote-pre\">Luis I. Hern\u00e1ndez-Segura,CINVESTAV, Mexico<\/h5>\n<h5>Jiri\u00a0 Hostas, University of Calgary, Canada<\/h5>\n<h5>Xiaojuan Hu, Fritz-Haber-Institut der Max-Planck-Gesellschaft, Germany<\/h5>\n<h5>Satyavani Kaliamurthi, Henan University of Technology, China<\/h5>\n<h5>Andreas K\u00f6ster, CINVESTAV, Mexico<\/h5>\n<h5>Elfi Kraka, Southern Methodist University, USA<\/h5>\n<h5>Aur\u00e9lien de la Lande, CNRS, Universit\u00e9 Paris Sud, France<\/h5>\n<h5>Ad\u00e8le Laurent, CNRS, Universit\u00e9 de Nantes, France<\/h5>\n<h5>Maximilien Levesque, CNRS, ENS Paris, France<\/h5>\n<h5>Luis L\u00f3pez Sosa, CINVESTAV, Mexico<\/h5>\n<h5>Fernand Louisnard,Universit\u00e9 Paul Sabatier, Toulouse, France<\/h5>\n<h5>Vladimir Malkin, Institute of Inorganic Chemistry, Slovak Academy of Sciences, Slovakia<\/h5>\n<h5>Olga Malkin, Institute of Inorganic Chemistry, Slovak Academy of Sciences, Slovakia<\/h5>\n<h5 class=\"moz-quote-pre\">Adri\u00e1n Amor Mart\u00ednez Carranza, CINVESTAV, Mexico<\/h5>\n<h5>Tzonka Mineva, Institut Charles Gerhardt Montpellier, CNRS\/ENSCM\/UM, France<\/h5>\n<h5>Thomas Niehaus, Universit\u00e9 Claude Bernard Lyon 1, France<\/h5>\n<h5 class=\"moz-quote-pre\">Ismail Can Oguz Institut Charles Gerhardt Montpellier, CNRS\/ENSCM\/UM, France<\/h5>\n<h5>Maylis Orio, CNRS Aix Marseille University, France<\/h5>\n<h5>Angela Parise, Universit\u00e0 della Calabria\/Uiversit\u00e9 Paris Sud, Italy\/France<\/h5>\n<h5 class=\"moz-quote-pre\">Lars G. M. Pettersson, Stockholm University, Sweeden<\/h5>\n<h5 class=\"moz-quote-pre\">Evgeny Posenitskiy, Universit\u00e9 Paul Sabatier, Toulouse, France<\/h5>\n<h5>Mathias Rapacioli, CNRS, Universit\u00e9 Paul Sabatier, France<\/h5>\n<h5>Dennis Salahub, University of Calgary, Canada<\/h5>\n<h5>Andreas Savin, CNRS Universit\u00e9 Paris Sorbonne, France<\/h5>\n<h5>Gurudeeban Selvaraj, Henan University of Technology, China<\/h5>\n<h5 class=\"moz-quote-pre\">Kazi Shudipto Amin, University of Calgary, Canada<\/h5>\n<h5>Xiaojing Wu, CNRS, Paris, France<\/h5>\n<h5>Bernardo A. Zu\u00f1iga Guti\u00e9rrez, Universidad de Guadalajara, Mexico<\/h5>\n<h5 class=\"moz-quote-pre\">H\u00e9ctor Xolotl Silos Vega, Universidad de Colima, Mexcio<\/h5>\n<p>&nbsp;<\/p>\n<p>&nbsp;<\/p>\n","protected":false},"excerpt":{"rendered":"<p>Aurelio Alvarez-Ibarra, CNRS, Universit\u00e9 Paris Sud, France Fabien Cailliez, Universit\u00e9 Paris Sud, France Patrizia Calaminici, CINVESTAV, Mexico Mark Casida, Universit\u00e9 Joseph Fourier, France Henry Chermette, Universit\u00e9 de Lyon, France Sathishkumar Chinnasamy, Shanghai Jiao Tong University, China J\u00e9r\u00f4me Cuny, Universit\u00e9 Paul&hellip; <\/p>\n","protected":false},"author":1,"featured_media":0,"parent":0,"menu_order":0,"comment_status":"closed","ping_status":"closed","template":"","meta":{"footnotes":""},"class_list":["post-43","page","type-page","status-publish","hentry"],"_links":{"self":[{"href":"https:\/\/m19thtest-wordpress.web-srv02.dsi.universite-paris-saclay.fr\/index.php\/wp-json\/wp\/v2\/pages\/43","targetHints":{"allow":["GET"]}}],"collection":[{"href":"https:\/\/m19thtest-wordpress.web-srv02.dsi.universite-paris-saclay.fr\/index.php\/wp-json\/wp\/v2\/pages"}],"about":[{"href":"https:\/\/m19thtest-wordpress.web-srv02.dsi.universite-paris-saclay.fr\/index.php\/wp-json\/wp\/v2\/types\/page"}],"author":[{"embeddable":true,"href":"https:\/\/m19thtest-wordpress.web-srv02.dsi.universite-paris-saclay.fr\/index.php\/wp-json\/wp\/v2\/users\/1"}],"replies":[{"embeddable":true,"href":"https:\/\/m19thtest-wordpress.web-srv02.dsi.universite-paris-saclay.fr\/index.php\/wp-json\/wp\/v2\/comments?post=43"}],"version-history":[{"count":36,"href":"https:\/\/m19thtest-wordpress.web-srv02.dsi.universite-paris-saclay.fr\/index.php\/wp-json\/wp\/v2\/pages\/43\/revisions"}],"predecessor-version":[{"id":344,"href":"https:\/\/m19thtest-wordpress.web-srv02.dsi.universite-paris-saclay.fr\/index.php\/wp-json\/wp\/v2\/pages\/43\/revisions\/344"}],"wp:attachment":[{"href":"https:\/\/m19thtest-wordpress.web-srv02.dsi.universite-paris-saclay.fr\/index.php\/wp-json\/wp\/v2\/media?parent=43"}],"curies":[{"name":"wp","href":"https:\/\/api.w.org\/{rel}","templated":true}]}}