{"id":128,"date":"2018-10-06T10:06:04","date_gmt":"2018-10-06T08:06:04","guid":{"rendered":"https:\/\/m19thtest-wordpress.web-srv02.dsi.universite-paris-saclay.fr\/?page_id=128"},"modified":"2019-02-14T16:02:08","modified_gmt":"2019-02-14T15:02:08","slug":"welcome","status":"publish","type":"page","link":"https:\/\/m19thtest-wordpress.web-srv02.dsi.universite-paris-saclay.fr\/","title":{"rendered":"Welcome"},"content":{"rendered":"<h4>Since 2000 the &#8220;deMon developers workshops&#8221; serve to discuss the program evolutions. It has become a good custom to make it a scientific forum for discussions with\u00a0 scientists who are familiar with other methods, algorithms and programs, not common to the deMon developer\u2019s community.<\/h4>\n<p>&nbsp;<\/p>\n<h4>Previous \u201cdeMon developers\u201d workshops were held in Canada 2000, Mexico 2001, Switzerland 2002, Sweden 2003, Italy 2004, Germany 2005, Canada 2006, France 2007, India 2009, Brazil 2010, Germany 2011, China 2012, France 2013, Mexico 2014, Bulgaria 2015, China 2016, Canada 2017, Mexico 2018<\/h4>\n<h4>The 19th edition of the workshop will be hosted at the <a href=\"https:\/\/www.caes.cnrs.fr\/sejours\/la-villa-clythia\/\">villa Clythia<\/a> in Fr\u00e9jus, on the French riviera. The presentations will cover topics related to electronic structure methods, molecular property calculations and molecular dynamics techniques, simulations and analysis tools. Round table discussions will be also organized with the purpose to discuss the developing work in progress and to prepare the future action items.<\/h4>\n<h4>We hope to see you in F\u00e9jus and look forward to fruitful scientific discussions<\/h4>\n<hr \/>\n<h4>A<strong><a href=\"https:\/\/m19thtest-wordpress.web-srv02.dsi.universite-paris-saclay.fr\/index.php\/registration\/tutorial\/\"> <span style=\"color: #339966;\">deMon2k and deMon-nano tutorial<\/span> <\/a>will also be organized at University Paris Saclay from May 20th to 25th 2019. Students, postdocs and researchers are welcome. <\/strong><\/h4>\n<h4><strong>Have a look at the dedicated <a href=\"https:\/\/m19thtest-wordpress.web-srv02.dsi.universite-paris-saclay.fr\/index.php\/registration\/tutorial\/\"><span style=\"color: #339966;\">pages<\/span> <\/a>of this website.<\/strong><\/h4>\n<hr \/>\n<h5><strong>Organizing committee<\/strong><\/h5>\n<h5>Fabien Cailliez (Universit\u00e9 Paris Sud, Orsay)<\/h5>\n<h5>Mark Casida (Universit\u00e9 Joseph Fourier, Grenoble)<\/h5>\n<h5>Carine Clavagu\u00e9ra (CNRS, Universit\u00e9 Paris Sud, Orsay)<\/h5>\n<h5>J\u00e9r\u00f4me Cuny (Universit\u00e9 Paul Sabatier , Toulouse)<\/h5>\n<h5>Aur\u00e9lien de la Lande (CNRS, Universit\u00e9 Paris Sud, Orsay)<\/h5>\n<h5>Tzonka Mineva (CNRS, Institut Charles Gerhardt, Montpellier)<\/h5>\n<h5>Mathias Rapacioli (Universit\u00e9 Paul Sabatier , Toulouse)<\/h5>\n<p>&nbsp;<\/p>\n","protected":false},"excerpt":{"rendered":"<p>Since 2000 the &#8220;deMon developers workshops&#8221; serve to discuss the program evolutions. It has become a good custom to make it a scientific forum for discussions with\u00a0 scientists who are familiar with other methods, algorithms and programs, not common to&hellip; <\/p>\n","protected":false},"author":1,"featured_media":0,"parent":0,"menu_order":0,"comment_status":"closed","ping_status":"closed","template":"","meta":{"footnotes":""},"class_list":["post-128","page","type-page","status-publish","hentry"],"_links":{"self":[{"href":"https:\/\/m19thtest-wordpress.web-srv02.dsi.universite-paris-saclay.fr\/index.php\/wp-json\/wp\/v2\/pages\/128","targetHints":{"allow":["GET"]}}],"collection":[{"href":"https:\/\/m19thtest-wordpress.web-srv02.dsi.universite-paris-saclay.fr\/index.php\/wp-json\/wp\/v2\/pages"}],"about":[{"href":"https:\/\/m19thtest-wordpress.web-srv02.dsi.universite-paris-saclay.fr\/index.php\/wp-json\/wp\/v2\/types\/page"}],"author":[{"embeddable":true,"href":"https:\/\/m19thtest-wordpress.web-srv02.dsi.universite-paris-saclay.fr\/index.php\/wp-json\/wp\/v2\/users\/1"}],"replies":[{"embeddable":true,"href":"https:\/\/m19thtest-wordpress.web-srv02.dsi.universite-paris-saclay.fr\/index.php\/wp-json\/wp\/v2\/comments?post=128"}],"version-history":[{"count":14,"href":"https:\/\/m19thtest-wordpress.web-srv02.dsi.universite-paris-saclay.fr\/index.php\/wp-json\/wp\/v2\/pages\/128\/revisions"}],"predecessor-version":[{"id":238,"href":"https:\/\/m19thtest-wordpress.web-srv02.dsi.universite-paris-saclay.fr\/index.php\/wp-json\/wp\/v2\/pages\/128\/revisions\/238"}],"wp:attachment":[{"href":"https:\/\/m19thtest-wordpress.web-srv02.dsi.universite-paris-saclay.fr\/index.php\/wp-json\/wp\/v2\/media?parent=128"}],"curies":[{"name":"wp","href":"https:\/\/api.w.org\/{rel}","templated":true}]}}